{"id":14883,"date":"2025-05-29T14:28:35","date_gmt":"2025-05-29T14:28:35","guid":{"rendered":"https:\/\/extraned.nl\/?page_id=14883"},"modified":"2025-11-02T14:12:25","modified_gmt":"2025-11-02T14:12:25","slug":"oefeningen-spelling","status":"publish","type":"page","link":"https:\/\/extraned.nl\/index.php\/oefeningen-spelling\/","title":{"rendered":"Oefeningen spelling"},"content":{"rendered":"\t\t<div data-elementor-type=\"wp-page\" data-elementor-id=\"14883\" class=\"elementor elementor-14883\">\n\t\t\t\t\t\t<section class=\"elementor-section elementor-top-section elementor-element elementor-element-f9ff094 elementor-section-boxed elementor-section-height-default elementor-section-height-default\" data-id=\"f9ff094\" data-element_type=\"section\" data-e-type=\"section\">\n\t\t\t\t\t\t<div class=\"elementor-container elementor-column-gap-default\">\n\t\t\t\t\t<div class=\"elementor-column elementor-col-100 elementor-top-column elementor-element elementor-element-f759a9a\" data-id=\"f759a9a\" data-element_type=\"column\" data-e-type=\"column\">\n\t\t\t<div class=\"elementor-widget-wrap elementor-element-populated\">\n\t\t\t\t\t\t<div class=\"elementor-element elementor-element-20de54d elementor-widget elementor-widget-text-editor\" data-id=\"20de54d\" data-element_type=\"widget\" data-e-type=\"widget\" data-widget_type=\"text-editor.default\">\n\t\t\t\t<div class=\"elementor-widget-container\">\n\t\t\t\t\t\t\t\t\t<p>\u00a0<\/p><p style=\"padding-left: 40px;\"><strong><span style=\"color: #ffffff;\"><a style=\"color: #ffffff;\" href=\"https:\/\/extraned.nl\/index.php\/oefening-ei-of-ij\/\">Oefening ei of ij<\/a><\/span><\/strong><\/p><p style=\"padding-left: 40px;\"><strong><span style=\"color: #ffffff;\"><a style=\"color: #ffffff;\" href=\"https:\/\/extraned.nl\/index.php\/het-koppelteken\/\">Het koppelteken<\/a><\/span><\/strong><\/p><p style=\"padding-left: 40px;\"><span style=\"color: #ffffff;\"><strong><a style=\"color: #ffffff;\" href=\"https:\/\/extraned.nl\/index.php\/oefening-ou-au-of-oe\/\">Oefening au, ou of oe<\/a><\/strong><\/span><\/p><p style=\"padding-left: 40px;\"><span style=\"color: #ffffff;\"><a style=\"color: #ffffff;\" href=\"https:\/\/extraned.nl\/index.php\/oefening-c-ck-cc-of-k\/\"><strong>Oefening c ck cc of k<\/strong><\/a><\/span><\/p><p style=\"padding-left: 40px;\"><span style=\"color: #ffffff;\"><strong><a style=\"color: #ffffff;\" href=\"https:\/\/extraned.nl\/index.php\/oefening-e-e-e-e-e-ee-of-ee\/\">Oefening <\/a><a style=\"color: #ffffff;\" href=\"https:\/\/extraned.nl\/index.php\/quiz\/de-letter-e\/\">e \u00e8, \u00e9, \u00eb \u00ea ee of \u00e9e<\/a><\/strong><\/span><\/p><p style=\"padding-left: 40px;\"><span style=\"color: #ffffff;\"><strong><a style=\"color: #ffffff;\" href=\"https:\/\/extraned.nl\/index.php\/quiz\/oefening-l-of-ll\/\">Oefening l of ll<\/a><\/strong><\/span><\/p><p style=\"padding-left: 40px;\"><span style=\"color: #ffffff;\"><strong><a style=\"color: #ffffff;\" href=\"https:\/\/extraned.nl\/index.php\/oefening-tweeklanken\/\">Oefening tweeklanken<\/a><\/strong><\/span><\/p><p style=\"padding-left: 40px;\"><span style=\"color: #ffffff;\"><strong><a style=\"color: #ffffff;\" href=\"https:\/\/extraned.nl\/index.php\/veel-gemaakte-spelfouten\/\">Oefening veel gemaakte spelfouten<\/a><\/strong><\/span><\/p><p style=\"padding-left: 40px;\"><span style=\"color: #ffffff;\"><strong><a style=\"color: #ffffff;\" href=\"https:\/\/extraned.nl\/index.php\/nationaal-dictee-2021\/\" target=\"_blank\" rel=\"noopener\">Oefening bij het Groot Dictee 2021<\/a>\u00a0<\/strong><\/span><\/p><p style=\"padding-left: 40px;\"><span style=\"color: #ffffff;\"><strong><a style=\"color: #ffffff;\" href=\"https:\/\/extraned.nl\/index.php\/lastige-meervouden\/\">Lastige meervouden 1<\/a><\/strong><\/span><\/p><p style=\"padding-left: 40px;\"><span style=\"color: #ffffff;\"><strong><a style=\"color: #ffffff;\" href=\"https:\/\/extraned.nl\/index.php\/lastige-meervouden-2\/\">Lastige meervouden 2<\/a><\/strong><\/span><\/p><p style=\"padding-left: 40px;\"><span style=\"color: #ffffff;\"><strong><a style=\"color: #ffffff;\" href=\"https:\/\/extraned.nl\/index.php\/tekens-bij-letters-en-hoofdletters\/\">Tekens bij letters en hoofdletters<\/a><\/strong><\/span><\/p><p style=\"padding-left: 40px;\"><span style=\"color: #ffffff;\"><strong><a style=\"color: #ffffff;\" href=\"https:\/\/extraned.nl\/index.php\/leestekens\/\">Leestekens<\/a><\/strong><\/span><\/p><p style=\"padding-left: 40px;\"><span style=\"color: #ffffff;\"><strong><a style=\"color: #ffffff;\" href=\"https:\/\/extraned.nl\/index.php\/tussenletters\/\">Tussenletters<\/a><\/strong><\/span><\/p><p style=\"padding-left: 40px;\"><strong><span style=\"color: #ffffff;\"><a style=\"color: #ffffff;\" href=\"https:\/\/extraned.nl\/index.php\/spellingtest\/\">\u00a0SPELLINGTEST<\/a><\/span><\/strong><\/p>\t\t\t\t\t\t\t\t<\/div>\n\t\t\t\t<\/div>\n\t\t\t\t\t<\/div>\n\t\t<\/div>\n\t\t\t\t\t<\/div>\n\t\t<\/section>\n\t\t\t\t<\/div>\n\t\t","protected":false},"excerpt":{"rendered":"<p>\u00a0 Oefening ei of ij Het koppelteken Oefening au, ou of oe Oefening c ck cc of k Oefening e \u00e8, \u00e9, \u00eb \u00ea ee of \u00e9e Oefening l of ll Oefening tweeklanken Oefening veel gemaakte spelfouten Oefening bij het Groot Dictee 2021\u00a0 Lastige meervouden 1 Lastige meervouden 2 Tekens bij letters en hoofdletters Leestekens &hellip; <a href=\"https:\/\/extraned.nl\/index.php\/oefeningen-spelling\/\" class=\"more-link\">Lees verder <span class=\"screen-reader-text\">&#8220;Oefeningen spelling&#8221;<\/span><\/a><\/p>\n","protected":false},"author":1,"featured_media":0,"parent":0,"menu_order":0,"comment_status":"closed","ping_status":"closed","template":"","meta":{"footnotes":""},"class_list":["post-14883","page","type-page","status-publish","hentry"],"_links":{"self":[{"href":"https:\/\/extraned.nl\/index.php\/wp-json\/wp\/v2\/pages\/14883","targetHints":{"allow":["GET"]}}],"collection":[{"href":"https:\/\/extraned.nl\/index.php\/wp-json\/wp\/v2\/pages"}],"about":[{"href":"https:\/\/extraned.nl\/index.php\/wp-json\/wp\/v2\/types\/page"}],"author":[{"embeddable":true,"href":"https:\/\/extraned.nl\/index.php\/wp-json\/wp\/v2\/users\/1"}],"replies":[{"embeddable":true,"href":"https:\/\/extraned.nl\/index.php\/wp-json\/wp\/v2\/comments?post=14883"}],"version-history":[{"count":25,"href":"https:\/\/extraned.nl\/index.php\/wp-json\/wp\/v2\/pages\/14883\/revisions"}],"predecessor-version":[{"id":16349,"href":"https:\/\/extraned.nl\/index.php\/wp-json\/wp\/v2\/pages\/14883\/revisions\/16349"}],"wp:attachment":[{"href":"https:\/\/extraned.nl\/index.php\/wp-json\/wp\/v2\/media?parent=14883"}],"curies":[{"name":"wp","href":"https:\/\/api.w.org\/{rel}","templated":true}]}}