{"id":116,"date":"2020-01-26T15:14:39","date_gmt":"2020-01-26T15:14:39","guid":{"rendered":"https:\/\/extraned.nl\/?page_id=116"},"modified":"2024-05-10T15:28:23","modified_gmt":"2024-05-10T15:28:23","slug":"nt-2","status":"publish","type":"page","link":"https:\/\/extraned.nl\/index.php\/nt-2\/","title":{"rendered":"NT 2 spelling, grammatica en woordenschat"},"content":{"rendered":"\t\t<div data-elementor-type=\"wp-page\" data-elementor-id=\"116\" class=\"elementor elementor-116\">\n\t\t\t\t\t\t<section class=\"elementor-section elementor-top-section elementor-element elementor-element-7f421b0 elementor-section-boxed elementor-section-height-default elementor-section-height-default\" data-id=\"7f421b0\" data-element_type=\"section\" data-e-type=\"section\">\n\t\t\t\t\t\t<div class=\"elementor-container elementor-column-gap-default\">\n\t\t\t\t\t<div class=\"elementor-column elementor-col-100 elementor-top-column elementor-element elementor-element-d38696c\" data-id=\"d38696c\" data-element_type=\"column\" data-e-type=\"column\">\n\t\t\t<div class=\"elementor-widget-wrap elementor-element-populated\">\n\t\t\t\t\t\t<div class=\"elementor-element elementor-element-b9a8622 elementor-invisible elementor-widget elementor-widget-text-editor\" data-id=\"b9a8622\" data-element_type=\"widget\" data-e-type=\"widget\" data-settings=\"{&quot;_animation&quot;:&quot;fadeIn&quot;}\" data-widget_type=\"text-editor.default\">\n\t\t\t\t<div class=\"elementor-widget-container\">\n\t\t\t\t\t\t\t\t\t<p style=\"padding-left: 40px;\"><span style=\"color: #333333;\"><br \/>Eenvoudige spellingregels, het alfabet, vraagzinnen en woordsoorten.<\/span><\/p><p style=\"padding-left: 40px;\"><strong><span style=\"color: #333333;\">Bekijk de filmpjes:<\/span><\/strong><\/p>\t\t\t\t\t\t\t\t<\/div>\n\t\t\t\t<\/div>\n\t\t\t\t\t<\/div>\n\t\t<\/div>\n\t\t\t\t\t<\/div>\n\t\t<\/section>\n\t\t\t\t<section class=\"elementor-section elementor-top-section elementor-element elementor-element-69d7862 elementor-section-boxed elementor-section-height-default elementor-section-height-default\" data-id=\"69d7862\" data-element_type=\"section\" data-e-type=\"section\">\n\t\t\t\t\t\t<div class=\"elementor-container elementor-column-gap-default\">\n\t\t\t\t\t<div class=\"elementor-column elementor-col-100 elementor-top-column elementor-element elementor-element-c9e0520\" data-id=\"c9e0520\" data-element_type=\"column\" data-e-type=\"column\">\n\t\t\t<div class=\"elementor-widget-wrap elementor-element-populated\">\n\t\t\t\t\t\t<div class=\"elementor-element elementor-element-2b45451 elementor-widget elementor-widget-html\" data-id=\"2b45451\" data-element_type=\"widget\" data-e-type=\"widget\" data-widget_type=\"html.default\">\n\t\t\t\t<div class=\"elementor-widget-container\">\n\t\t\t\t\t<script data-ad-client=\"ca-pub-2505894816577132\" async src=\"https:\/\/pagead2.googlesyndication.com\/pagead\/js\/adsbygoogle.js\"><\/script>\t\t\t\t<\/div>\n\t\t\t\t<\/div>\n\t\t\t\t\t<\/div>\n\t\t<\/div>\n\t\t\t\t\t<\/div>\n\t\t<\/section>\n\t\t\t\t<section class=\"elementor-section elementor-top-section elementor-element elementor-element-40562c8 elementor-section-boxed elementor-section-height-default elementor-section-height-default\" data-id=\"40562c8\" data-element_type=\"section\" data-e-type=\"section\">\n\t\t\t\t\t\t<div class=\"elementor-container elementor-column-gap-default\">\n\t\t\t\t\t<div class=\"elementor-column elementor-col-33 elementor-top-column elementor-element elementor-element-c952568\" data-id=\"c952568\" data-element_type=\"column\" data-e-type=\"column\">\n\t\t\t<div class=\"elementor-widget-wrap elementor-element-populated\">\n\t\t\t\t\t\t<div class=\"elementor-element elementor-element-641ae05 elementor-widget elementor-widget-video\" data-id=\"641ae05\" data-element_type=\"widget\" data-e-type=\"widget\" data-settings=\"{&quot;youtube_url&quot;:&quot;https:\\\/\\\/youtu.be\\\/NeiUlUSst8k&quot;,&quot;video_type&quot;:&quot;youtube&quot;,&quot;controls&quot;:&quot;yes&quot;}\" data-widget_type=\"video.default\">\n\t\t\t\t<div class=\"elementor-widget-container\">\n\t\t\t\t\t\t\t<div class=\"elementor-wrapper elementor-open-inline\">\n\t\t\t<div class=\"elementor-video\"><\/div>\t\t<\/div>\n\t\t\t\t\t\t<\/div>\n\t\t\t\t<\/div>\n\t\t\t\t\t<\/div>\n\t\t<\/div>\n\t\t\t\t<div class=\"elementor-column elementor-col-33 elementor-top-column elementor-element elementor-element-7676ff0\" data-id=\"7676ff0\" data-element_type=\"column\" data-e-type=\"column\">\n\t\t\t<div class=\"elementor-widget-wrap elementor-element-populated\">\n\t\t\t\t\t\t<div class=\"elementor-element elementor-element-318c7e4 elementor-widget elementor-widget-video\" data-id=\"318c7e4\" data-element_type=\"widget\" data-e-type=\"widget\" data-settings=\"{&quot;youtube_url&quot;:&quot;https:\\\/\\\/youtu.be\\\/SsYLHPxFNXc&quot;,&quot;video_type&quot;:&quot;youtube&quot;,&quot;controls&quot;:&quot;yes&quot;}\" data-widget_type=\"video.default\">\n\t\t\t\t<div class=\"elementor-widget-container\">\n\t\t\t\t\t\t\t<div class=\"elementor-wrapper elementor-open-inline\">\n\t\t\t<div class=\"elementor-video\"><\/div>\t\t<\/div>\n\t\t\t\t\t\t<\/div>\n\t\t\t\t<\/div>\n\t\t\t\t\t<\/div>\n\t\t<\/div>\n\t\t\t\t<div class=\"elementor-column elementor-col-33 elementor-top-column elementor-element elementor-element-3b2e3f6\" data-id=\"3b2e3f6\" data-element_type=\"column\" data-e-type=\"column\">\n\t\t\t<div class=\"elementor-widget-wrap elementor-element-populated\">\n\t\t\t\t\t\t<div class=\"elementor-element elementor-element-c9dae13 elementor-widget elementor-widget-video\" data-id=\"c9dae13\" data-element_type=\"widget\" data-e-type=\"widget\" data-settings=\"{&quot;youtube_url&quot;:&quot;https:\\\/\\\/youtu.be\\\/UZja5LJjpA4&quot;,&quot;video_type&quot;:&quot;youtube&quot;,&quot;controls&quot;:&quot;yes&quot;}\" data-widget_type=\"video.default\">\n\t\t\t\t<div class=\"elementor-widget-container\">\n\t\t\t\t\t\t\t<div class=\"elementor-wrapper elementor-open-inline\">\n\t\t\t<div class=\"elementor-video\"><\/div>\t\t<\/div>\n\t\t\t\t\t\t<\/div>\n\t\t\t\t<\/div>\n\t\t\t\t\t<\/div>\n\t\t<\/div>\n\t\t\t\t\t<\/div>\n\t\t<\/section>\n\t\t\t\t<section class=\"elementor-section elementor-top-section elementor-element elementor-element-36c079b elementor-section-boxed elementor-section-height-default elementor-section-height-default\" data-id=\"36c079b\" data-element_type=\"section\" data-e-type=\"section\">\n\t\t\t\t\t\t<div class=\"elementor-container elementor-column-gap-default\">\n\t\t\t\t\t<div class=\"elementor-column elementor-col-33 elementor-top-column elementor-element elementor-element-98d4eae\" data-id=\"98d4eae\" data-element_type=\"column\" data-e-type=\"column\">\n\t\t\t<div class=\"elementor-widget-wrap elementor-element-populated\">\n\t\t\t\t\t\t<div class=\"elementor-element elementor-element-fe5370a elementor-widget elementor-widget-video\" data-id=\"fe5370a\" data-element_type=\"widget\" data-e-type=\"widget\" data-settings=\"{&quot;youtube_url&quot;:&quot;https:\\\/\\\/youtu.be\\\/nLANV3Vdtqg&quot;,&quot;video_type&quot;:&quot;youtube&quot;,&quot;controls&quot;:&quot;yes&quot;}\" data-widget_type=\"video.default\">\n\t\t\t\t<div class=\"elementor-widget-container\">\n\t\t\t\t\t\t\t<div class=\"elementor-wrapper elementor-open-inline\">\n\t\t\t<div class=\"elementor-video\"><\/div>\t\t<\/div>\n\t\t\t\t\t\t<\/div>\n\t\t\t\t<\/div>\n\t\t\t\t\t<\/div>\n\t\t<\/div>\n\t\t\t\t<div class=\"elementor-column elementor-col-33 elementor-top-column elementor-element elementor-element-0c00eb4\" data-id=\"0c00eb4\" data-element_type=\"column\" data-e-type=\"column\">\n\t\t\t<div class=\"elementor-widget-wrap elementor-element-populated\">\n\t\t\t\t\t\t<div class=\"elementor-element elementor-element-a28a1b2 elementor-widget elementor-widget-video\" data-id=\"a28a1b2\" data-element_type=\"widget\" data-e-type=\"widget\" data-settings=\"{&quot;youtube_url&quot;:&quot;https:\\\/\\\/youtu.be\\\/S6g4WmSUnU4&quot;,&quot;video_type&quot;:&quot;youtube&quot;,&quot;controls&quot;:&quot;yes&quot;}\" data-widget_type=\"video.default\">\n\t\t\t\t<div class=\"elementor-widget-container\">\n\t\t\t\t\t\t\t<div class=\"elementor-wrapper elementor-open-inline\">\n\t\t\t<div class=\"elementor-video\"><\/div>\t\t<\/div>\n\t\t\t\t\t\t<\/div>\n\t\t\t\t<\/div>\n\t\t\t\t\t<\/div>\n\t\t<\/div>\n\t\t\t\t<div class=\"elementor-column elementor-col-33 elementor-top-column elementor-element elementor-element-b082a24\" data-id=\"b082a24\" data-element_type=\"column\" data-e-type=\"column\">\n\t\t\t<div class=\"elementor-widget-wrap elementor-element-populated\">\n\t\t\t\t\t\t<div class=\"elementor-element elementor-element-f393a02 elementor-widget elementor-widget-video\" data-id=\"f393a02\" data-element_type=\"widget\" data-e-type=\"widget\" data-settings=\"{&quot;youtube_url&quot;:&quot;https:\\\/\\\/youtu.be\\\/I654HQukiqs&quot;,&quot;video_type&quot;:&quot;youtube&quot;,&quot;controls&quot;:&quot;yes&quot;}\" data-widget_type=\"video.default\">\n\t\t\t\t<div class=\"elementor-widget-container\">\n\t\t\t\t\t\t\t<div class=\"elementor-wrapper elementor-open-inline\">\n\t\t\t<div class=\"elementor-video\"><\/div>\t\t<\/div>\n\t\t\t\t\t\t<\/div>\n\t\t\t\t<\/div>\n\t\t\t\t\t<\/div>\n\t\t<\/div>\n\t\t\t\t\t<\/div>\n\t\t<\/section>\n\t\t\t\t<section class=\"elementor-section elementor-top-section elementor-element elementor-element-84bbd1f elementor-section-boxed elementor-section-height-default elementor-section-height-default\" data-id=\"84bbd1f\" data-element_type=\"section\" data-e-type=\"section\">\n\t\t\t\t\t\t<div class=\"elementor-container elementor-column-gap-default\">\n\t\t\t\t\t<div class=\"elementor-column elementor-col-100 elementor-top-column elementor-element elementor-element-00e0840\" data-id=\"00e0840\" data-element_type=\"column\" data-e-type=\"column\">\n\t\t\t<div class=\"elementor-widget-wrap elementor-element-populated\">\n\t\t\t\t\t\t\t<\/div>\n\t\t<\/div>\n\t\t\t\t\t<\/div>\n\t\t<\/section>\n\t\t\t\t<section class=\"elementor-section elementor-top-section elementor-element elementor-element-d9b6473 elementor-section-boxed elementor-section-height-default elementor-section-height-default\" data-id=\"d9b6473\" data-element_type=\"section\" data-e-type=\"section\">\n\t\t\t\t\t\t<div class=\"elementor-container elementor-column-gap-default\">\n\t\t\t\t\t<div class=\"elementor-column elementor-col-33 elementor-top-column elementor-element elementor-element-fcea39f\" data-id=\"fcea39f\" data-element_type=\"column\" data-e-type=\"column\">\n\t\t\t<div class=\"elementor-widget-wrap elementor-element-populated\">\n\t\t\t\t\t\t<div class=\"elementor-element elementor-element-9f1858c elementor-widget elementor-widget-video\" data-id=\"9f1858c\" data-element_type=\"widget\" data-e-type=\"widget\" data-settings=\"{&quot;youtube_url&quot;:&quot;https:\\\/\\\/youtu.be\\\/8tcbGx1Bgh4&quot;,&quot;video_type&quot;:&quot;youtube&quot;,&quot;controls&quot;:&quot;yes&quot;}\" data-widget_type=\"video.default\">\n\t\t\t\t<div class=\"elementor-widget-container\">\n\t\t\t\t\t\t\t<div class=\"elementor-wrapper elementor-open-inline\">\n\t\t\t<div class=\"elementor-video\"><\/div>\t\t<\/div>\n\t\t\t\t\t\t<\/div>\n\t\t\t\t<\/div>\n\t\t\t\t\t<\/div>\n\t\t<\/div>\n\t\t\t\t<div class=\"elementor-column elementor-col-33 elementor-top-column elementor-element elementor-element-b4ad2f2\" data-id=\"b4ad2f2\" data-element_type=\"column\" data-e-type=\"column\">\n\t\t\t<div class=\"elementor-widget-wrap elementor-element-populated\">\n\t\t\t\t\t\t<div class=\"elementor-element elementor-element-d1de3ef elementor-widget elementor-widget-video\" data-id=\"d1de3ef\" data-element_type=\"widget\" data-e-type=\"widget\" data-settings=\"{&quot;youtube_url&quot;:&quot;https:\\\/\\\/youtu.be\\\/l258cIp-zJk&quot;,&quot;video_type&quot;:&quot;youtube&quot;,&quot;controls&quot;:&quot;yes&quot;}\" data-widget_type=\"video.default\">\n\t\t\t\t<div class=\"elementor-widget-container\">\n\t\t\t\t\t\t\t<div class=\"elementor-wrapper elementor-open-inline\">\n\t\t\t<div class=\"elementor-video\"><\/div>\t\t<\/div>\n\t\t\t\t\t\t<\/div>\n\t\t\t\t<\/div>\n\t\t\t\t\t<\/div>\n\t\t<\/div>\n\t\t\t\t<div class=\"elementor-column elementor-col-33 elementor-top-column elementor-element elementor-element-1c7ee2a\" data-id=\"1c7ee2a\" data-element_type=\"column\" data-e-type=\"column\">\n\t\t\t<div class=\"elementor-widget-wrap elementor-element-populated\">\n\t\t\t\t\t\t<div class=\"elementor-element elementor-element-346ebce elementor-widget elementor-widget-video\" data-id=\"346ebce\" data-element_type=\"widget\" data-e-type=\"widget\" data-settings=\"{&quot;youtube_url&quot;:&quot;https:\\\/\\\/youtu.be\\\/1uru3uOt5DY&quot;,&quot;video_type&quot;:&quot;youtube&quot;,&quot;controls&quot;:&quot;yes&quot;}\" data-widget_type=\"video.default\">\n\t\t\t\t<div class=\"elementor-widget-container\">\n\t\t\t\t\t\t\t<div class=\"elementor-wrapper elementor-open-inline\">\n\t\t\t<div class=\"elementor-video\"><\/div>\t\t<\/div>\n\t\t\t\t\t\t<\/div>\n\t\t\t\t<\/div>\n\t\t\t\t\t<\/div>\n\t\t<\/div>\n\t\t\t\t\t<\/div>\n\t\t<\/section>\n\t\t\t\t<section class=\"elementor-section elementor-top-section elementor-element elementor-element-f0216e2 elementor-section-boxed elementor-section-height-default elementor-section-height-default\" data-id=\"f0216e2\" data-element_type=\"section\" data-e-type=\"section\">\n\t\t\t\t\t\t<div class=\"elementor-container elementor-column-gap-default\">\n\t\t\t\t\t<div class=\"elementor-column elementor-col-100 elementor-top-column elementor-element elementor-element-63b50d7\" data-id=\"63b50d7\" data-element_type=\"column\" data-e-type=\"column\">\n\t\t\t<div class=\"elementor-widget-wrap elementor-element-populated\">\n\t\t\t\t\t\t<div class=\"elementor-element elementor-element-1e37a91 elementor-widget elementor-widget-html\" data-id=\"1e37a91\" data-element_type=\"widget\" data-e-type=\"widget\" data-widget_type=\"html.default\">\n\t\t\t\t<div class=\"elementor-widget-container\">\n\t\t\t\t\t<script data-ad-client=\"ca-pub-2505894816577132\" async src=\"https:\/\/pagead2.googlesyndication.com\/pagead\/js\/adsbygoogle.js\"><\/script>\t\t\t\t<\/div>\n\t\t\t\t<\/div>\n\t\t\t\t\t<\/div>\n\t\t<\/div>\n\t\t\t\t\t<\/div>\n\t\t<\/section>\n\t\t\t\t<section class=\"elementor-section elementor-top-section elementor-element elementor-element-54e19cb elementor-section-boxed elementor-section-height-default elementor-section-height-default\" data-id=\"54e19cb\" data-element_type=\"section\" data-e-type=\"section\">\n\t\t\t\t\t\t<div class=\"elementor-container elementor-column-gap-default\">\n\t\t\t\t\t<div class=\"elementor-column elementor-col-100 elementor-top-column elementor-element elementor-element-a11eb4e\" data-id=\"a11eb4e\" data-element_type=\"column\" data-e-type=\"column\">\n\t\t\t<div class=\"elementor-widget-wrap elementor-element-populated\">\n\t\t\t\t\t\t<div class=\"elementor-element elementor-element-35a05c5 elementor-widget elementor-widget-text-editor\" data-id=\"35a05c5\" data-element_type=\"widget\" data-e-type=\"widget\" data-widget_type=\"text-editor.default\">\n\t\t\t\t<div class=\"elementor-widget-container\">\n\t\t\t\t\t\t\t\t\t<p style=\"padding-left: 40px;\"><span style=\"color: #ccffff;\">\u00a0<\/span><\/p><p style=\"padding-left: 40px;\"><span style=\"color: #ccffff;\"><a style=\"color: #ccffff;\" href=\"https:\/\/extraned.nl\/index.php\/geen-of-niet\/\"><strong>Geen of niet (en het gebruik van ChatGTP<\/strong><\/a>)<\/span><\/p><p style=\"padding-left: 40px;\"><span style=\"color: #ccffff;\"><strong><a style=\"color: #ccffff;\" href=\"https:\/\/extraned.nl\/index.php\/oefening-ou-au-of-oe\/\">Oefening au, ou of oe<\/a><\/strong><\/span><\/p><p style=\"padding-left: 40px;\"><span style=\"color: #ccffff;\"><strong><a style=\"color: #ccffff;\" href=\"https:\/\/extraned.nl\/index.php\/oefening-c-ck-cc-of-k\/\">Oefening c ck cc of k<\/a><\/strong><\/span><\/p><p style=\"padding-left: 40px;\"><span style=\"color: #ccffff;\"><strong><a style=\"color: #ccffff;\" href=\"https:\/\/extraned.nl\/index.php\/oefening-e-e-e-e-e-ee-of-ee\/\">Oefening <\/a><a style=\"color: #ccffff;\" href=\"https:\/\/extraned.nl\/index.php\/quiz\/de-letter-e\/\">e \u00e8, \u00e9, \u00eb \u00ea ee of \u00e9e<\/a><\/strong><\/span><\/p><p style=\"padding-left: 40px;\"><span style=\"color: #ccffff;\"><strong><a style=\"color: #ccffff;\" href=\"https:\/\/extraned.nl\/index.php\/quiz\/oefening-l-of-ll\/\">Oefening l of ll<\/a><\/strong><\/span><\/p><p style=\"padding-left: 40px;\"><span style=\"color: #ccffff;\"><strong><a style=\"color: #ccffff;\" href=\"https:\/\/extraned.nl\/index.php\/oefening-tweeklanken\/\">Oefening tweeklanken<\/a><\/strong> <\/span>(<span style=\"color: #00ffff;\">oe, ou of au en ei of ij<\/span>)<\/p><p style=\"padding-left: 40px;\"><span style=\"color: #ccffff;\"><strong><a style=\"color: #ccffff;\" href=\"https:\/\/extraned.nl\/index.php\/woord-van-het-jaar\/\">Ken je het woord van het jaar?<\/a><\/strong><\/span><\/p><p style=\"padding-left: 40px;\"><span style=\"color: #ccffff;\"><strong><a style=\"color: #ccffff;\" href=\"https:\/\/extraned.nl\/index.php\/franse-invloed\/\">Franse invloed op het Nederlands<\/a><\/strong><\/span><\/p><p style=\"padding-left: 40px;\"><span style=\"color: #ccffff;\"><strong><a style=\"color: #ccffff;\" href=\"https:\/\/extraned.nl\/index.php\/historische-begrippen-a\/\">Historische begrippen <\/a><\/strong><\/span><\/p><p style=\"padding-left: 40px;\"><strong><span style=\"color: #ccffff;\"><a style=\"color: #ccffff;\" href=\"https:\/\/extraned.nl\/index.php\/internetwoorden\/\">Internetwoorden<\/a><\/span><\/strong><\/p><p style=\"padding-left: 40px;\"><span style=\"color: #ccffff;\"><strong><a style=\"color: #ccffff;\" href=\"https:\/\/extraned.nl\/index.php\/taalproblemen\/\">Veel voorkomende\u00a0 taalproblemen<\/a><\/strong><\/span><\/p><p style=\"padding-left: 40px;\"><span style=\"color: #ccffff;\"><a style=\"color: #ccffff;\" href=\"https:\/\/extraned.nl\/index.php\/dierendingen\/\"><strong>Dierendingen 1<\/strong>\u00a0(spreekwoorden en uitdrukkingen)<\/a>\u00a0<\/span><\/p><p style=\"padding-left: 40px;\"><span style=\"color: #ccffff;\"><a style=\"color: #ccffff;\" href=\"https:\/\/extraned.nl\/index.php\/dierendingen-2\/\"><strong>Dierendingen 2<\/strong>\u00a0(spreekwoorden en uitdrukkingen over paarden)<\/a><\/span><\/p><p style=\"padding-left: 40px;\"><span style=\"color: #ccffff;\"><strong><a style=\"color: #ccffff;\" href=\"https:\/\/extraned.nl\/index.php\/spreekwoorden-bij-pieter-breugel\/\">Spreekwoorden bij Pieter Breugel<\/a><\/strong><\/span><\/p><p style=\"padding-left: 40px;\"><span style=\"color: #ccffff;\"><a style=\"color: #ccffff;\" href=\"https:\/\/extraned.nl\/index.php\/oefening-uitdrukkingen\/\" target=\"_blank\" rel=\"noopener\"><strong>Oefening spreekwoorden en uitdrukkingen<\/strong><\/a><strong><em>\u00a0<\/em><\/strong><\/span><\/p><p style=\"padding-left: 40px;\"><span style=\"color: #ccffff;\"><strong><a style=\"color: #ccffff;\" href=\"https:\/\/extraned.nl\/index.php\/spreekwoorden-en-uitdrukkingen-over-varkens-en-zwijnen\/\">Spreekwoorden en uitdrukkingen over varkens en zwijnen<\/a><\/strong><\/span><\/p><p style=\"padding-left: 40px;\"><span style=\"color: #ccffff;\"><strong><a style=\"color: #ccffff;\" href=\"https:\/\/extraned.nl\/index.php\/oefening-betekenisverschillen\/\">Oefening betekenisverschillen<\/a>\u00a0<\/strong><\/span><\/p><p style=\"padding-left: 40px;\"><a href=\"https:\/\/extraned.nl\/index.php\/neologismen-2\/\"><span style=\"color: #ccffff;\"><strong>Nieuwe woorden<\/strong><\/span><\/a><\/p><p style=\"padding-left: 40px;\"><span style=\"color: #ccffff;\"><strong><a style=\"color: #ccffff;\" href=\"https:\/\/extraned.nl\/index.php\/scheldwoorden\/\">Scheldwoorden<\/a><\/strong><\/span><\/p><p style=\"padding-left: 40px;\"><span style=\"color: #ccffff;\"><strong><a style=\"color: #ccffff;\" href=\"https:\/\/extraned.nl\/index.php\/lastige-meervouden\/\">Lastige meervouden<\/a><\/strong><\/span><\/p><p style=\"padding-left: 40px;\"><span style=\"color: #ccffff;\"><strong><a style=\"color: #ccffff;\" href=\"https:\/\/extraned.nl\/index.php\/oefening-werkwoordspelling\/\">Oefening werkwoordspelling 1<\/a><\/strong><\/span><\/p><p style=\"padding-left: 40px;\"><span style=\"color: #ccffff;\"><strong><a style=\"color: #ccffff;\" href=\"https:\/\/extraned.nl\/index.php\/oefening-werkwoordspelling-2\/\">Oefening werkwoordspelling 2<\/a><\/strong><\/span><\/p><p style=\"padding-left: 40px;\"><span style=\"color: #ccffff;\"><strong><a style=\"color: #ccffff;\" href=\"https:\/\/extraned.nl\/index.php\/oefening-werkwoordspelling-3\/\">Oefening werkwoordspelling 3<\/a><\/strong><\/span><\/p><p style=\"padding-left: 40px;\"><span style=\"color: #ccffff;\"><strong><a style=\"color: #ccffff;\" href=\"https:\/\/extraned.nl\/index.php\/sterk-zwak-of-onregelmatig\/\">Sterk, zwak of onregelmatig?<\/a><\/strong><\/span><\/p><p style=\"padding-left: 40px;\"><strong><a href=\"https:\/\/extraned.nl\/index.php\/oefening-onregelmatige-werkwoorden\/\"><span style=\"color: #ccffff;\">Oefening onregelmatige werkwoorden<\/span><\/a><\/strong><\/p><p style=\"padding-left: 40px;\"><span style=\"color: #ccffff;\"><strong><a style=\"color: #ccffff;\" href=\"https:\/\/extraned.nl\/index.php\/spellingtest\/\">Spellingtest<\/a><\/strong><\/span><\/p><p style=\"padding-left: 40px;\"><span style=\"color: #ccffff;\"><a style=\"color: #ccffff;\" href=\"https:\/\/extraned.nl\/index.php\/bepaal-tijd-en-persoon\/\"><strong>Oefening tijd en persoon bepalen<\/strong><\/a><\/span><\/p><p style=\"padding-left: 40px;\"><span style=\"color: #ccffff;\"><strong><a style=\"color: #ccffff;\" href=\"https:\/\/extraned.nl\/index.php\/voegwoord-of-bijwoord\/\">Oefening voegwoord of bijwoord<\/a><\/strong><\/span><\/p><p style=\"padding-left: 40px;\"><span style=\"color: #ccffff;\"><strong><a style=\"color: #ccffff;\" href=\"https:\/\/extraned.nl\/index.php\/werkwoorden\/\">Werkwoorden<\/a><\/strong><\/span><\/p><p style=\"padding-left: 40px;\">\u00a0<\/p>\t\t\t\t\t\t\t\t<\/div>\n\t\t\t\t<\/div>\n\t\t\t\t\t<\/div>\n\t\t<\/div>\n\t\t\t\t\t<\/div>\n\t\t<\/section>\n\t\t\t\t<\/div>\n\t\t","protected":false},"excerpt":{"rendered":"<p>Eenvoudige spellingregels, het alfabet, vraagzinnen en woordsoorten. Bekijk de filmpjes: https:\/\/youtu.be\/NeiUlUSst8khttps:\/\/youtu.be\/SsYLHPxFNXchttps:\/\/youtu.be\/UZja5LJjpA4https:\/\/youtu.be\/nLANV3Vdtqghttps:\/\/youtu.be\/S6g4WmSUnU4https:\/\/youtu.be\/I654HQukiqshttps:\/\/youtu.be\/8tcbGx1Bgh4https:\/\/youtu.be\/l258cIp-zJkhttps:\/\/youtu.be\/1uru3uOt5DY \u00a0 Geen of niet (en het gebruik van ChatGTP) Oefening au, ou of oe Oefening c ck cc of k Oefening e \u00e8, \u00e9, \u00eb \u00ea ee of \u00e9e Oefening l of ll Oefening tweeklanken (oe, ou of au en ei of ij) Ken &hellip; <a href=\"https:\/\/extraned.nl\/index.php\/nt-2\/\" class=\"more-link\">Lees verder <span class=\"screen-reader-text\">&#8220;NT 2 spelling, grammatica en woordenschat&#8221;<\/span><\/a><\/p>\n","protected":false},"author":1,"featured_media":0,"parent":0,"menu_order":0,"comment_status":"closed","ping_status":"closed","template":"","meta":{"footnotes":""},"class_list":["post-116","page","type-page","status-publish","hentry"],"_links":{"self":[{"href":"https:\/\/extraned.nl\/index.php\/wp-json\/wp\/v2\/pages\/116","targetHints":{"allow":["GET"]}}],"collection":[{"href":"https:\/\/extraned.nl\/index.php\/wp-json\/wp\/v2\/pages"}],"about":[{"href":"https:\/\/extraned.nl\/index.php\/wp-json\/wp\/v2\/types\/page"}],"author":[{"embeddable":true,"href":"https:\/\/extraned.nl\/index.php\/wp-json\/wp\/v2\/users\/1"}],"replies":[{"embeddable":true,"href":"https:\/\/extraned.nl\/index.php\/wp-json\/wp\/v2\/comments?post=116"}],"version-history":[{"count":171,"href":"https:\/\/extraned.nl\/index.php\/wp-json\/wp\/v2\/pages\/116\/revisions"}],"predecessor-version":[{"id":13036,"href":"https:\/\/extraned.nl\/index.php\/wp-json\/wp\/v2\/pages\/116\/revisions\/13036"}],"wp:attachment":[{"href":"https:\/\/extraned.nl\/index.php\/wp-json\/wp\/v2\/media?parent=116"}],"curies":[{"name":"wp","href":"https:\/\/api.w.org\/{rel}","templated":true}]}}